{"id":97,"date":"2014-01-31T17:06:41","date_gmt":"2014-01-31T17:06:41","guid":{"rendered":"http:\/\/expositions.obspm.fr\/lacaille\/?page_id=97"},"modified":"2014-03-24T15:56:55","modified_gmt":"2014-03-24T15:56:55","slug":"le-square-kilometre-array","status":"publish","type":"page","link":"http:\/\/expositions.obspm.fr\/lacaille\/le-square-kilometre-array\/","title":{"rendered":"Le Square Kilometre Array"},"content":{"rendered":"<h3><span style=\"color: #059fd9;\">Les instruments g\u00e9ants de l\u2019astronomie d\u2019aujourd\u2019hui ne sont plus l\u2019apanage d\u2019un pays, voire d\u2019un continent.<\/span><\/h3>\n<p><span style=\"color: #000000;\">C\u2019est le cas de SKA, qui observera le ciel, notamment les galaxies les plus lointaines, dans le domaine des ondes radio. Vingt nations, dont l\u2019Afrique du Sud et la France, y participent. L\u2019Observatoire de Paris et l\u2019Universit\u00e9 du Cap y sont associ\u00e9s.<\/span><\/p>\n<p>\u00c0 l\u2019ach\u00e8vement du projet, en 2024, SKA comportera des milliers sinon des millions d\u2019antennes de diff\u00e9rents types au Botswana, au Ghana, au Kenya, \u00e0 Madagascar, \u00e0 l\u2019\u00cele Maurice, en Mozambique, en Namibie, en Zambie, en Australie\u2026, totalisant une surface captatrice de 1 km2. Il promet des images radio d\u2019une finesse in\u00e9gal\u00e9e, et des d\u00e9couvertes majeures\u2026<\/p>\n<p>Les antennes recevant les fr\u00e9quences \u00e9lev\u00e9es seront install\u00e9es en Afrique du Sud, dans le d\u00e9sert du Karoo. Le MeerKAT, prototype de 64 antennes paraboliques de 13,5 m de diam\u00e8tre connect\u00e9es par fibre optique, y est en construction. Plusieurs donnent d\u00e9j\u00e0 des images du ciel radio (instrument KAT7).<\/p>\n<p>La contribution fran\u00e7aise, implique la station de radioastronomie de l\u2019Observatoire de Paris \u00e0 Nan\u00e7ay (Cher) qui \u00e9tudie notamment des m\u00e9thodes d\u2019\u00e9limination des parasites radio\u00e9lectriques.<\/p>\n<div id=\"attachment_231\" style=\"width: 160px\" class=\"wp-caption alignleft\"><a href=\"http:\/\/expositions.obspm.fr\/lacaille\/wp-content\/uploads\/2014\/01\/expo11-photo1.jpg\"><img aria-describedby=\"caption-attachment-231\" loading=\"lazy\" class=\"size-thumbnail wp-image-231 \" alt=\"L\u2019instrument KAT7 en Afrique du Sud, pr\u00e9curseur de MeerKAT et de SKA.\" src=\"http:\/\/expositions.obspm.fr\/lacaille\/wp-content\/uploads\/2014\/01\/expo11-photo1-150x150.jpg\" width=\"150\" height=\"150\" srcset=\"http:\/\/expositions.obspm.fr\/lacaille\/wp-content\/uploads\/2014\/01\/expo11-photo1-150x150.jpg 150w, http:\/\/expositions.obspm.fr\/lacaille\/wp-content\/uploads\/2014\/01\/expo11-photo1-200x200.jpg 200w\" sizes=\"(max-width: 150px) 100vw, 150px\" \/><\/a><p id=\"caption-attachment-231\" class=\"wp-caption-text\"><\/p>\n<div id=\"legendes\">L\u2019instrument KAT7 en Afrique du Sud, pr\u00e9curseur de MeerKAT et de SKA. <\/p>\n<div id=\"credits\">Photo : Rupert Spann.<\/div>\n<\/div>\n<p><\/p><\/div>\n<div id=\"attachment_232\" style=\"width: 160px\" class=\"wp-caption alignleft\"><a href=\"http:\/\/expositions.obspm.fr\/lacaille\/wp-content\/uploads\/2014\/01\/expo11-photo2.jpg\"><img aria-describedby=\"caption-attachment-232\" loading=\"lazy\" class=\"size-thumbnail wp-image-232   \" alt=\"Projet pour les antennes paraboliques de la partie centrale de SKA en Afrique du Sud, vue d\u2019artiste.\" src=\"http:\/\/expositions.obspm.fr\/lacaille\/wp-content\/uploads\/2014\/01\/expo11-photo2-150x150.jpg\" width=\"150\" height=\"150\" srcset=\"http:\/\/expositions.obspm.fr\/lacaille\/wp-content\/uploads\/2014\/01\/expo11-photo2-150x150.jpg 150w, http:\/\/expositions.obspm.fr\/lacaille\/wp-content\/uploads\/2014\/01\/expo11-photo2-200x200.jpg 200w\" sizes=\"(max-width: 150px) 100vw, 150px\" \/><\/a><p id=\"caption-attachment-232\" class=\"wp-caption-text\"><\/p>\n<div id=\"legendes\">Projet pour les antennes paraboliques de la partie centrale de SKA en Afrique du Sud, vue d\u2019artiste.<\/p>\n<div id=\"credits\">Photo : SKA Organisation\/TDP\/DRAO\/Swinburne Astronomy Productions.<\/div>\n<\/div>\n<p><\/p><\/div>\n<div id=\"attachment_233\" style=\"width: 160px\" class=\"wp-caption alignleft\"><a href=\"http:\/\/expositions.obspm.fr\/lacaille\/wp-content\/uploads\/2014\/01\/expo11-photo3.jpg\"><img aria-describedby=\"caption-attachment-233\" loading=\"lazy\" class=\"size-thumbnail wp-image-233\" alt=\"Un \u00e9l\u00e9ment d\u2019un r\u00e9seau phas\u00e9 dense d\u2019antennes du projet SKA aux essais \u00e0 la station de radioastronomie de Nan\u00e7ay. \" src=\"http:\/\/expositions.obspm.fr\/lacaille\/wp-content\/uploads\/2014\/01\/expo11-photo3-150x150.jpg\" width=\"150\" height=\"150\" srcset=\"http:\/\/expositions.obspm.fr\/lacaille\/wp-content\/uploads\/2014\/01\/expo11-photo3-150x150.jpg 150w, http:\/\/expositions.obspm.fr\/lacaille\/wp-content\/uploads\/2014\/01\/expo11-photo3-200x200.jpg 200w\" sizes=\"(max-width: 150px) 100vw, 150px\" \/><\/a><p id=\"caption-attachment-233\" class=\"wp-caption-text\"><\/p>\n<div id=\"legendes\">Un \u00e9l\u00e9ment d\u2019un r\u00e9seau phas\u00e9 dense d\u2019antennes du projet SKA aux essais \u00e0 la station de radioastronomie de Nan\u00e7ay.<\/p>\n<div id=\"credits\">\u00a9USN \/ Observatoire de Paris<\/div>\n<\/div>\n<p><\/p><\/div>\n\n","protected":false},"excerpt":{"rendered":"<p>Les instruments g\u00e9ants de l\u2019astronomie d\u2019aujourd\u2019hui ne sont plus l\u2019apanage d\u2019un pays, voire d\u2019un continent. C\u2019est le cas de SKA, qui observera le ciel, &hellip;<\/p>\n","protected":false},"author":1,"featured_media":0,"parent":0,"menu_order":0,"comment_status":"open","ping_status":"open","template":"","meta":[],"_links":{"self":[{"href":"http:\/\/expositions.obspm.fr\/lacaille\/wp-json\/wp\/v2\/pages\/97"}],"collection":[{"href":"http:\/\/expositions.obspm.fr\/lacaille\/wp-json\/wp\/v2\/pages"}],"about":[{"href":"http:\/\/expositions.obspm.fr\/lacaille\/wp-json\/wp\/v2\/types\/page"}],"author":[{"embeddable":true,"href":"http:\/\/expositions.obspm.fr\/lacaille\/wp-json\/wp\/v2\/users\/1"}],"replies":[{"embeddable":true,"href":"http:\/\/expositions.obspm.fr\/lacaille\/wp-json\/wp\/v2\/comments?post=97"}],"version-history":[{"count":15,"href":"http:\/\/expositions.obspm.fr\/lacaille\/wp-json\/wp\/v2\/pages\/97\/revisions"}],"predecessor-version":[{"id":545,"href":"http:\/\/expositions.obspm.fr\/lacaille\/wp-json\/wp\/v2\/pages\/97\/revisions\/545"}],"wp:attachment":[{"href":"http:\/\/expositions.obspm.fr\/lacaille\/wp-json\/wp\/v2\/media?parent=97"}],"curies":[{"name":"wp","href":"https:\/\/api.w.org\/{rel}","templated":true}]}}