{"id":93,"date":"2014-01-31T17:06:11","date_gmt":"2014-01-31T17:06:11","guid":{"rendered":"http:\/\/expositions.obspm.fr\/lacaille\/?page_id=93"},"modified":"2014-03-25T15:35:35","modified_gmt":"2014-03-25T15:35:35","slug":"les-dernieres-annees","status":"publish","type":"page","link":"http:\/\/expositions.obspm.fr\/lacaille\/les-dernieres-annees\/","title":{"rendered":"Les derni\u00e8res ann\u00e9es"},"content":{"rendered":"<h3><span style=\"color: #059fd9;\">De retour \u00e0 Paris, La Caille reprend son enseignement au coll\u00e8ge des Quatre Nations, publie ses catalogues et surtout continue \u00e0 observer.<\/span><\/h3>\n<p>Il participe activement aux grands \u00e9v\u00e8nements astronomiques de l\u2019\u00e9poque comme le passage de V\u00e9nus devant le Soleil (1761).<\/p>\n<p>Le retour de la com\u00e8te p\u00e9riodique \u00e9tudi\u00e9e par Edmond Halley en 1682, est attendu pour 1759. Mais Clairaut, Lalande et Nicole-Reine Lepaute affirment qu\u2019elle sera retard\u00e9e en raison des perturbations gravitationnelles des grosses plan\u00e8tes. L\u2019observation confirme leur pr\u00e9diction et assure le triomphe d\u00e9finitif de Newton. La Caille propose qu&rsquo;on donne \u00e0 la com\u00e8te le nom de Halley qui lui restera.<\/p>\n<p>Pour son observatoire, il ach\u00e8te en 1760 une lunette m\u00e9ridienne, avec laquelle il am\u00e9liore encore ses mesures de positions. Il veut observer ainsi 800 \u00e9toiles le long du zodiaque, mais il meurt pr\u00e9matur\u00e9ment le 21 mars 1762, n\u2019en ayant observ\u00e9 que 515. On lui accorde l\u2019insigne honneur d\u2019\u00eatre enterr\u00e9 dans la chapelle du coll\u00e8ge o\u00f9 il a tant travaill\u00e9.<\/p>\n<div id=\"attachment_215\" style=\"width: 160px\" class=\"wp-caption alignleft\"><a href=\"http:\/\/expositions.obspm.fr\/lacaille\/wp-content\/uploads\/2014\/01\/expo9-photo2.jpg\"><img aria-describedby=\"caption-attachment-215\" loading=\"lazy\" class=\"size-thumbnail wp-image-215   \" alt=\"Monument \u00e0 La Caille \u00e0 Rumigny (Ardennes), son lieu de naissance. \u00c9rig\u00e9 en 1962, il remplace un monument similaire de 1921 d\u00e9truit pendant la seconde guerre mondiale.\" src=\"http:\/\/expositions.obspm.fr\/lacaille\/wp-content\/uploads\/2014\/01\/expo9-photo2-150x150.jpg\" width=\"150\" height=\"150\" srcset=\"http:\/\/expositions.obspm.fr\/lacaille\/wp-content\/uploads\/2014\/01\/expo9-photo2-150x150.jpg 150w, http:\/\/expositions.obspm.fr\/lacaille\/wp-content\/uploads\/2014\/01\/expo9-photo2-200x200.jpg 200w\" sizes=\"(max-width: 150px) 100vw, 150px\" \/><\/a><p id=\"caption-attachment-215\" class=\"wp-caption-text\"><\/p>\n<div id=\"legendes\">Monument \u00e0 La Caille \u00e0 Rumigny (Ardennes), son lieu de naissance. \u00c9rig\u00e9 en 1962, il remplace un monument similaire de 1921 d\u00e9truit pendant la seconde guerre mondiale.<\/p>\n<div id=\"credits\">\u00a9 Wikimedia Commons.<br \/>Photo : Havang(nl).<\/div>\n<\/div>\n<p><\/p><\/div>\n<div id=\"attachment_216\" style=\"width: 160px\" class=\"wp-caption alignleft\"><a href=\"http:\/\/expositions.obspm.fr\/lacaille\/wp-content\/uploads\/2014\/01\/expo9-photo3.jpg\"><img aria-describedby=\"caption-attachment-216\" loading=\"lazy\" class=\"size-thumbnail wp-image-216 \" alt=\"Plaque \u00e0 la m\u00e9moire de La Caille plac\u00e9e en 1903 sur le site de son observatoire par la South African Philosophical Society. Elle a \u00e9t\u00e9 vol\u00e9e en 2010 et non retrouv\u00e9e.\" src=\"http:\/\/expositions.obspm.fr\/lacaille\/wp-content\/uploads\/2014\/01\/expo9-photo3-150x150.jpg\" width=\"150\" height=\"150\" srcset=\"http:\/\/expositions.obspm.fr\/lacaille\/wp-content\/uploads\/2014\/01\/expo9-photo3-150x150.jpg 150w, http:\/\/expositions.obspm.fr\/lacaille\/wp-content\/uploads\/2014\/01\/expo9-photo3-200x200.jpg 200w\" sizes=\"(max-width: 150px) 100vw, 150px\" \/><\/a><p id=\"caption-attachment-216\" class=\"wp-caption-text\"><\/p>\n<div id=\"legendes\">Plaque \u00e0 la m\u00e9moire de La Caille plac\u00e9e en 1903 sur le site de son observatoire par la South African Philosophical Society. Elle a \u00e9t\u00e9 vol\u00e9e en 2010 et non retrouv\u00e9e.<\/p>\n<div id=\"credits\">W. Cape Archives &amp; Record Service.<\/div>\n<\/div>\n<p><\/p><\/div>\n<div id=\"attachment_559\" style=\"width: 160px\" class=\"wp-caption alignleft\"><a href=\"http:\/\/expositions.obspm.fr\/lacaille\/wp-content\/uploads\/2014\/01\/catalogue.jpg\"><img aria-describedby=\"caption-attachment-559\" loading=\"lazy\" src=\"http:\/\/expositions.obspm.fr\/lacaille\/wp-content\/uploads\/2014\/01\/catalogue-150x150.jpg\" alt=\"Catalogue des livres de feu Monsieur l&#039;Abb\u00e9 de La Caille [...], Paris : Vve Damonneville, 1762. et pour les cr\u00e9dits : Avec l&#039;aimable autorisation de la Biblioth\u00e8que Sainte-Genevi\u00e8ve.\" width=\"150\" height=\"150\" class=\"size-thumbnail wp-image-559\" srcset=\"http:\/\/expositions.obspm.fr\/lacaille\/wp-content\/uploads\/2014\/01\/catalogue-150x150.jpg 150w, http:\/\/expositions.obspm.fr\/lacaille\/wp-content\/uploads\/2014\/01\/catalogue-200x200.jpg 200w\" sizes=\"(max-width: 150px) 100vw, 150px\" \/><\/a><p id=\"caption-attachment-559\" class=\"wp-caption-text\"><em>Catalogue des livres de feu Monsieur l&rsquo;Abb\u00e9 de La Caille<\/em> [&#8230;], Paris : Vve Damonneville, 1762.<\/p>\n<div id=\"credits\">Avec l&rsquo;aimable autorisation de la Biblioth\u00e8que Sainte-Genevi\u00e8ve.<\/div>\n<p><\/p><\/div>\n\n","protected":false},"excerpt":{"rendered":"<p>De retour \u00e0 Paris, La Caille reprend son enseignement au coll\u00e8ge des Quatre Nations, publie ses catalogues et surtout continue \u00e0 observer. Il participe &hellip;<\/p>\n","protected":false},"author":1,"featured_media":0,"parent":0,"menu_order":0,"comment_status":"open","ping_status":"open","template":"","meta":[],"_links":{"self":[{"href":"http:\/\/expositions.obspm.fr\/lacaille\/wp-json\/wp\/v2\/pages\/93"}],"collection":[{"href":"http:\/\/expositions.obspm.fr\/lacaille\/wp-json\/wp\/v2\/pages"}],"about":[{"href":"http:\/\/expositions.obspm.fr\/lacaille\/wp-json\/wp\/v2\/types\/page"}],"author":[{"embeddable":true,"href":"http:\/\/expositions.obspm.fr\/lacaille\/wp-json\/wp\/v2\/users\/1"}],"replies":[{"embeddable":true,"href":"http:\/\/expositions.obspm.fr\/lacaille\/wp-json\/wp\/v2\/comments?post=93"}],"version-history":[{"count":18,"href":"http:\/\/expositions.obspm.fr\/lacaille\/wp-json\/wp\/v2\/pages\/93\/revisions"}],"predecessor-version":[{"id":565,"href":"http:\/\/expositions.obspm.fr\/lacaille\/wp-json\/wp\/v2\/pages\/93\/revisions\/565"}],"wp:attachment":[{"href":"http:\/\/expositions.obspm.fr\/lacaille\/wp-json\/wp\/v2\/media?parent=93"}],"curies":[{"name":"wp","href":"https:\/\/api.w.org\/{rel}","templated":true}]}}