{"id":89,"date":"2014-01-31T17:05:44","date_gmt":"2014-01-31T17:05:44","guid":{"rendered":"http:\/\/expositions.obspm.fr\/lacaille\/?page_id=89"},"modified":"2014-03-25T15:25:22","modified_gmt":"2014-03-25T15:25:22","slug":"des-noms-pour-les-constellations","status":"publish","type":"page","link":"http:\/\/expositions.obspm.fr\/lacaille\/des-noms-pour-les-constellations\/","title":{"rendered":"Des noms pour les constellations"},"content":{"rendered":"<h3><span style=\"color: #059fd9;\">D\u00e8s l\u2019Antiquit\u00e9, les \u00e9toiles ont \u00e9t\u00e9 rep\u00e9r\u00e9es dans le ciel par des figures imaginaires.<\/span><\/h3>\n<p>Les constellations regroupent par pure convention des \u00e9toiles situ\u00e9es \u00e0 des distances tr\u00e8s diff\u00e9rentes les unes des autres et varient suivant les civilisations.<\/p>\n<p>Les anciens Grecs identifiaient 48 constellations, utilis\u00e9es sans changement jusqu\u2019au XVIIe si\u00e8cle. Johann Bayer, en 1603, ajoute 12 constellations australes, sur la foi de navigateurs hollandais ; Hevelius, en 1690, 7 autres constellations.<\/p>\n<p>Halley est le premier \u00e0 avoir catalogu\u00e9 les 341 \u00e9toiles australes les plus brillantes en 1679, lors d\u2019un s\u00e9jour \u00e0 l\u2019\u00eele Sainte-H\u00e9l\u00e8ne. La nouvelle carte \u00e9tablie par La Caille recense 9 766 \u00e9toiles. Il d\u00e9signe 14 constellations nouvelles, surtout par des noms d\u2019instruments : horloge, machine pneumatique, fourneau\u2026<\/p>\n<p>Pour suivre l\u2019usage, l\u2019Union Astronomique Internationale a, en 1930, d\u00e9limit\u00e9 plus strictement les limites des constellations, dont le nombre d\u00e9finitif est de 88. A pr\u00e9sent, les astres sont surtout identifi\u00e9s par leurs coordonn\u00e9es, mais les constellations gardent un pouvoir \u00e9vocateur et po\u00e9tique.<\/p>\n<div id=\"attachment_203\" style=\"width: 266px\" class=\"wp-caption alignleft\"><a href=\"http:\/\/expositions.obspm.fr\/lacaille\/wp-content\/uploads\/2014\/01\/expo7-photo2.jpg\"><img aria-describedby=\"caption-attachment-203\" loading=\"lazy\" class=\"size-medium wp-image-203\" alt=\"La constellation Mons Mensa (aujourd\u2019hui Mensa) d\u2019apr\u00e8s le Coelum Australe Stelliferum de La Caille (en haut) et une carte moderne de l\u2019Union Astronomique Internationale (en bas). Le Grand Nuage de Magellan surmonte cette constellation, rappelant la nappe nuageuse qui recouvre souvent la Montagne de la Table surplombant la ville du Cap. Les contours d\u00e9limitent les deux Nuages de Magellan dans la version de l\u2019UAI. La position des \u00e9toiles et des Nuages de Magellan est fort approximative dans la gravure.\" src=\"http:\/\/expositions.obspm.fr\/lacaille\/wp-content\/uploads\/2014\/01\/expo7-photo2-256x300.jpg\" width=\"256\" height=\"300\" srcset=\"http:\/\/expositions.obspm.fr\/lacaille\/wp-content\/uploads\/2014\/01\/expo7-photo2-256x300.jpg 256w, http:\/\/expositions.obspm.fr\/lacaille\/wp-content\/uploads\/2014\/01\/expo7-photo2-675x790.jpg 675w, http:\/\/expositions.obspm.fr\/lacaille\/wp-content\/uploads\/2014\/01\/expo7-photo2.jpg 700w\" sizes=\"(max-width: 256px) 100vw, 256px\" \/><\/a><p id=\"caption-attachment-203\" class=\"wp-caption-text\">La constellation Mons Mensa (aujourd\u2019hui Mensa) d\u2019apr\u00e8s le Coelum Australe Stelliferum de La Caille (en haut) et une carte moderne de l\u2019Union Astronomique Internationale (en bas).<br \/>Le Grand Nuage de Magellan surmonte cette constellation, rappelant la nappe nuageuse qui recouvre souvent la Montagne de la Table surplombant la ville du Cap.<br \/>Les contours d\u00e9limitent les deux Nuages de Magellan dans la version de l\u2019UAI. La position des \u00e9toiles et des Nuages de Magellan est fort approximative dans la gravure.<\/p><\/div>\n<div id=\"attachment_204\" style=\"width: 160px\" class=\"wp-caption alignleft\"><a href=\"http:\/\/expositions.obspm.fr\/lacaille\/wp-content\/uploads\/2014\/01\/expo7-photo1.jpg\"><img aria-describedby=\"caption-attachment-204\" loading=\"lazy\" class=\"size-thumbnail wp-image-204\" alt=\"La Carte du Ciel austral de La Caille, d\u2019apr\u00e8s Histoire et M\u00e9moires de l\u2019Acad\u00e9mie Royale des Sciences (1752).\" src=\"http:\/\/expositions.obspm.fr\/lacaille\/wp-content\/uploads\/2014\/01\/expo7-photo1-150x150.jpg\" width=\"150\" height=\"150\" srcset=\"http:\/\/expositions.obspm.fr\/lacaille\/wp-content\/uploads\/2014\/01\/expo7-photo1-150x150.jpg 150w, http:\/\/expositions.obspm.fr\/lacaille\/wp-content\/uploads\/2014\/01\/expo7-photo1-200x200.jpg 200w\" sizes=\"(max-width: 150px) 100vw, 150px\" \/><\/a><p id=\"caption-attachment-204\" class=\"wp-caption-text\">La Carte du Ciel austral de La Caille, d\u2019apr\u00e8s <em>Histoire et M\u00e9moires de l\u2019Acad\u00e9mie Royale des Sciences<\/em> (1752).<\/p><\/div>\n<div id=\"attachment_205\" style=\"width: 160px\" class=\"wp-caption alignleft\"><a href=\"http:\/\/expositions.obspm.fr\/lacaille\/wp-content\/uploads\/2014\/01\/expo7-photo3.jpg\"><img aria-describedby=\"caption-attachment-205\" loading=\"lazy\" class=\"size-thumbnail wp-image-205 \" alt=\"La Montagne de la Table, haute de 1 086 m et surmont\u00e9e d'un sommet plat de 3 km2, symbolise la ville du Cap.\" src=\"http:\/\/expositions.obspm.fr\/lacaille\/wp-content\/uploads\/2014\/01\/expo7-photo3-150x150.jpg\" width=\"150\" height=\"150\" srcset=\"http:\/\/expositions.obspm.fr\/lacaille\/wp-content\/uploads\/2014\/01\/expo7-photo3-150x150.jpg 150w, http:\/\/expositions.obspm.fr\/lacaille\/wp-content\/uploads\/2014\/01\/expo7-photo3-200x200.jpg 200w\" sizes=\"(max-width: 150px) 100vw, 150px\" \/><\/a><p id=\"caption-attachment-205\" class=\"wp-caption-text\"><\/p>\n<div id=\"legendes\">La Montagne de la Table, haute de 1 086 m et surmont\u00e9e d&rsquo;un sommet plat de 3 km2, symbolise la ville du Cap. <\/p>\n<div id=\"credits\">Photo : G.Lequeux.<\/div>\n<\/div>\n<p><\/p><\/div>\n<div id=\"attachment_553\" style=\"width: 160px\" class=\"wp-caption alignleft\"><a href=\"http:\/\/expositions.obspm.fr\/lacaille\/wp-content\/uploads\/2014\/01\/expo7-photo4.jpg\"><img aria-describedby=\"caption-attachment-553\" loading=\"lazy\" class=\"size-thumbnail wp-image-553\" alt=\"\u00a9 J-M. Kollar \/ Observatoire de Paris\" src=\"http:\/\/expositions.obspm.fr\/lacaille\/wp-content\/uploads\/2014\/01\/expo7-photo4-150x150.jpg\" width=\"150\" height=\"150\" srcset=\"http:\/\/expositions.obspm.fr\/lacaille\/wp-content\/uploads\/2014\/01\/expo7-photo4-150x150.jpg 150w, http:\/\/expositions.obspm.fr\/lacaille\/wp-content\/uploads\/2014\/01\/expo7-photo4-200x200.jpg 200w\" sizes=\"(max-width: 150px) 100vw, 150px\" \/><\/a><p id=\"caption-attachment-553\" class=\"wp-caption-text\"><\/p>\n<div id=\"credits\">\u00a9 J-M. Kollar \/ Observatoire<br \/>de Paris<\/div>\n<p><\/p><\/div>\n\n","protected":false},"excerpt":{"rendered":"<p>D\u00e8s l\u2019Antiquit\u00e9, les \u00e9toiles ont \u00e9t\u00e9 rep\u00e9r\u00e9es dans le ciel par des figures imaginaires. Les constellations regroupent par pure convention des \u00e9toiles situ\u00e9es \u00e0 &hellip;<\/p>\n","protected":false},"author":1,"featured_media":0,"parent":0,"menu_order":0,"comment_status":"open","ping_status":"open","template":"","meta":[],"_links":{"self":[{"href":"http:\/\/expositions.obspm.fr\/lacaille\/wp-json\/wp\/v2\/pages\/89"}],"collection":[{"href":"http:\/\/expositions.obspm.fr\/lacaille\/wp-json\/wp\/v2\/pages"}],"about":[{"href":"http:\/\/expositions.obspm.fr\/lacaille\/wp-json\/wp\/v2\/types\/page"}],"author":[{"embeddable":true,"href":"http:\/\/expositions.obspm.fr\/lacaille\/wp-json\/wp\/v2\/users\/1"}],"replies":[{"embeddable":true,"href":"http:\/\/expositions.obspm.fr\/lacaille\/wp-json\/wp\/v2\/comments?post=89"}],"version-history":[{"count":13,"href":"http:\/\/expositions.obspm.fr\/lacaille\/wp-json\/wp\/v2\/pages\/89\/revisions"}],"predecessor-version":[{"id":558,"href":"http:\/\/expositions.obspm.fr\/lacaille\/wp-json\/wp\/v2\/pages\/89\/revisions\/558"}],"wp:attachment":[{"href":"http:\/\/expositions.obspm.fr\/lacaille\/wp-json\/wp\/v2\/media?parent=89"}],"curies":[{"name":"wp","href":"https:\/\/api.w.org\/{rel}","templated":true}]}}