{"id":87,"date":"2014-01-31T17:05:29","date_gmt":"2014-01-31T17:05:29","guid":{"rendered":"http:\/\/expositions.obspm.fr\/lacaille\/?page_id=87"},"modified":"2014-03-20T09:12:37","modified_gmt":"2014-03-20T09:12:37","slug":"les-instruments-de-la-caille","status":"publish","type":"page","link":"http:\/\/expositions.obspm.fr\/lacaille\/les-instruments-de-la-caille\/","title":{"rendered":"Les instruments de La Caille"},"content":{"rendered":"<h3><span style=\"color: #059fd9;\">La Caille utilise pour ses mesures g\u00e9od\u00e9siques et astronomiques trois instruments d\u00e9riv\u00e9s du <em>Quadrans maximus<\/em> de Tycho Brahe, et am\u00e9lior\u00e9s par Jean Picard qui y avait ajout\u00e9 une lunette de vis\u00e9e munie d\u2019un microm\u00e8tre.<\/span><\/h3>\n<p>Pour d\u00e9terminer la position des \u00e9toiles, La Caille se sert d\u2019un sextant orient\u00e9 dans le plan du m\u00e9ridien. Il comporte un secteur gradu\u00e9 de 60\u00b0 (d\u2019o\u00f9 le nom) dont la lunette de vis\u00e9e est solidaire, que l\u2019on peut basculer et dont on lit l\u2019orientation derri\u00e8re un fil \u00e0 plomb : on obtient ainsi la distance angulaire de l\u2019\u00e9toile au z\u00e9nith, tandis qu\u2019on mesure l\u2019instant de son passage au m\u00e9ridien gr\u00e2ce \u00e0 une pendule. Une lunette perpendiculaire \u00e0 la premi\u00e8re permet \u00e9galement de mesurer la hauteur angulaire des astres au dessus de l&rsquo;horizon.<\/p>\n<p>Le quart-de-cercle, plus petit et transportable, remplit la m\u00eame fonction que le sextant quand La Caille veut moins de pr\u00e9cision. Il peut aussi \u00eatre utilis\u00e9 en position horizontale pour la g\u00e9od\u00e9sie, afin de mesurer l\u2019angle entre deux points de rep\u00e8re.<\/p>\n<p>Pour d\u00e9terminer la latitude, La Caille mesure la distance angulaire au z\u00e9nith d\u2019\u00e9toiles de position connue, lors de leur passage au m\u00e9ridien, avec un secteur z\u00e9nithal qui permet des vis\u00e9es jusqu\u2019\u00e0 22,5\u00b0 de part et d\u2019autre du z\u00e9nith.<\/p>\n<div id=\"attachment_189\" style=\"width: 210px\" class=\"wp-caption alignleft\"><a href=\"http:\/\/expositions.obspm.fr\/lacaille\/wp-content\/uploads\/2014\/01\/expo6-photo1.jpg\"><img aria-describedby=\"caption-attachment-189\" loading=\"lazy\" class=\"size-medium wp-image-189 \" alt=\"Le Quadrans Maximus de Tycho Brahe, anc\u00eatre des instruments de La Caille. D\u2019apr\u00e8s Tycho Brahe, Astronomiae Instauratae Mechanica (1598). \" src=\"http:\/\/expositions.obspm.fr\/lacaille\/wp-content\/uploads\/2014\/01\/expo6-photo1-200x300.jpg\" width=\"200\" height=\"300\" srcset=\"http:\/\/expositions.obspm.fr\/lacaille\/wp-content\/uploads\/2014\/01\/expo6-photo1-200x300.jpg 200w, http:\/\/expositions.obspm.fr\/lacaille\/wp-content\/uploads\/2014\/01\/expo6-photo1.jpg 600w\" sizes=\"(max-width: 200px) 100vw, 200px\" \/><\/a><p id=\"caption-attachment-189\" class=\"wp-caption-text\">Le <em>Quadrans Maximus<\/em> de Tycho Brahe, anc\u00eatre des instruments de La Caille. D\u2019apr\u00e8s Tycho Brahe, <em>Astronomiae Instauratae Mechanica<\/em> (1598).<\/p><\/div>\n<div id=\"attachment_190\" style=\"width: 310px\" class=\"wp-caption alignright\"><a href=\"http:\/\/expositions.obspm.fr\/lacaille\/wp-content\/uploads\/2014\/01\/expo6-photo2.jpg\"><img aria-describedby=\"caption-attachment-190\" loading=\"lazy\" class=\"size-medium wp-image-190\" alt=\"Le secteur z\u00e9nithal. Pour d\u00e9terminer une latitude lors de la v\u00e9rification du m\u00e9ridien de Paris, La Caille observe \u00e0 la lunette et Cassini de Thury lit les graduations. D\u2019apr\u00e8s Cassini de Thury, La m\u00e9ridienne v\u00e9rifi\u00e9e\u2026 (1744). \" src=\"http:\/\/expositions.obspm.fr\/lacaille\/wp-content\/uploads\/2014\/01\/expo6-photo2-300x186.jpg\" width=\"300\" height=\"186\" srcset=\"http:\/\/expositions.obspm.fr\/lacaille\/wp-content\/uploads\/2014\/01\/expo6-photo2-300x186.jpg 300w, http:\/\/expositions.obspm.fr\/lacaille\/wp-content\/uploads\/2014\/01\/expo6-photo2-675x420.jpg 675w, http:\/\/expositions.obspm.fr\/lacaille\/wp-content\/uploads\/2014\/01\/expo6-photo2.jpg 700w\" sizes=\"(max-width: 300px) 100vw, 300px\" \/><\/a><p id=\"caption-attachment-190\" class=\"wp-caption-text\">Le secteur z\u00e9nithal. Pour d\u00e9terminer une latitude lors de la v\u00e9rification du m\u00e9ridien de Paris, La Caille observe \u00e0 la lunette et Cassini de Thury lit les graduations. D\u2019apr\u00e8s Cassini de Thury, <em>La m\u00e9ridienne v\u00e9rifi\u00e9e<\/em>\u2026 (1744).<\/p><\/div>\n<p>&nbsp;<\/p>\n<p>&nbsp;<\/p>\n<div id=\"attachment_191\" style=\"width: 280px\" class=\"wp-caption alignright\"><a href=\"http:\/\/expositions.obspm.fr\/lacaille\/wp-content\/uploads\/2014\/01\/expo6-photo3.jpg\"><img aria-describedby=\"caption-attachment-191\" loading=\"lazy\" class=\" wp-image-191  \" alt=\"Principe des instruments de La Caille. L\u2019angle entre la direction de vis\u00e9e et la verticale est lu sur les graduations. \" src=\"http:\/\/expositions.obspm.fr\/lacaille\/wp-content\/uploads\/2014\/01\/expo6-photo3-300x227.jpg\" width=\"270\" height=\"204\" srcset=\"http:\/\/expositions.obspm.fr\/lacaille\/wp-content\/uploads\/2014\/01\/expo6-photo3-300x227.jpg 300w, http:\/\/expositions.obspm.fr\/lacaille\/wp-content\/uploads\/2014\/01\/expo6-photo3.jpg 600w\" sizes=\"(max-width: 270px) 100vw, 270px\" \/><\/a><p id=\"caption-attachment-191\" class=\"wp-caption-text\">Principe des instruments de La Caille. L\u2019angle entre la direction de vis\u00e9e et la verticale est lu sur les graduations.<\/p><\/div>\n<div id=\"attachment_307\" style=\"width: 228px\" class=\"wp-caption alignleft\"><a href=\"http:\/\/expositions.obspm.fr\/lacaille\/wp-content\/uploads\/2014\/01\/expo6-photo5.jpg\"><img aria-describedby=\"caption-attachment-307\" loading=\"lazy\" class=\"size-medium wp-image-307\" alt=\"Un quart de cercle \u00e0 deux lunettes. D\u2019apr\u00e8s Cassini de Thury, La m\u00e9ridienne v\u00e9rifi\u00e9e\u2026 (1744).\" src=\"http:\/\/expositions.obspm.fr\/lacaille\/wp-content\/uploads\/2014\/01\/expo6-photo5-218x300.jpg\" width=\"218\" height=\"300\" srcset=\"http:\/\/expositions.obspm.fr\/lacaille\/wp-content\/uploads\/2014\/01\/expo6-photo5-218x300.jpg 218w, http:\/\/expositions.obspm.fr\/lacaille\/wp-content\/uploads\/2014\/01\/expo6-photo5.jpg 500w\" sizes=\"(max-width: 218px) 100vw, 218px\" \/><\/a><p id=\"caption-attachment-307\" class=\"wp-caption-text\">Construit par Langlois en 1750,<br \/>ce sextant de six pieds est celui utilis\u00e9 par La Caille au Cap.<\/p>\n<div id=\"credits\">\u00a9 J-M. Kollar \/ Observatoire de Paris.<\/div>\n<p><\/p><\/div>\n\n","protected":false},"excerpt":{"rendered":"<p>La Caille utilise pour ses mesures g\u00e9od\u00e9siques et astronomiques trois instruments d\u00e9riv\u00e9s du Quadrans maximus de Tycho Brahe, et am\u00e9lior\u00e9s par Jean Picard qui &hellip;<\/p>\n","protected":false},"author":1,"featured_media":0,"parent":0,"menu_order":0,"comment_status":"open","ping_status":"open","template":"","meta":[],"_links":{"self":[{"href":"http:\/\/expositions.obspm.fr\/lacaille\/wp-json\/wp\/v2\/pages\/87"}],"collection":[{"href":"http:\/\/expositions.obspm.fr\/lacaille\/wp-json\/wp\/v2\/pages"}],"about":[{"href":"http:\/\/expositions.obspm.fr\/lacaille\/wp-json\/wp\/v2\/types\/page"}],"author":[{"embeddable":true,"href":"http:\/\/expositions.obspm.fr\/lacaille\/wp-json\/wp\/v2\/users\/1"}],"replies":[{"embeddable":true,"href":"http:\/\/expositions.obspm.fr\/lacaille\/wp-json\/wp\/v2\/comments?post=87"}],"version-history":[{"count":25,"href":"http:\/\/expositions.obspm.fr\/lacaille\/wp-json\/wp\/v2\/pages\/87\/revisions"}],"predecessor-version":[{"id":535,"href":"http:\/\/expositions.obspm.fr\/lacaille\/wp-json\/wp\/v2\/pages\/87\/revisions\/535"}],"wp:attachment":[{"href":"http:\/\/expositions.obspm.fr\/lacaille\/wp-json\/wp\/v2\/media?parent=87"}],"curies":[{"name":"wp","href":"https:\/\/api.w.org\/{rel}","templated":true}]}}