{"id":78,"date":"2014-01-31T17:03:41","date_gmt":"2014-01-31T17:03:41","guid":{"rendered":"http:\/\/expositions.obspm.fr\/lacaille\/?page_id=78"},"modified":"2014-03-04T18:02:37","modified_gmt":"2014-03-04T18:02:37","slug":"la-meridienne-de-lobservatoire-royal","status":"publish","type":"page","link":"http:\/\/expositions.obspm.fr\/lacaille\/la-meridienne-de-lobservatoire-royal\/","title":{"rendered":"La m\u00e9ridienne de l\u2019Observatoire Royal"},"content":{"rendered":"<h2><span style=\"color: #e2006a;\">v\u00e9rifi\u00e9e dans toute l\u2019\u00e9tendue du royaume\u2026<\/span><\/h2>\n<h3><span style=\"color: #059fd9;\">Nomm\u00e9 maitre de math\u00e9matiques au coll\u00e8ge Mazarin, La Caille prend part avec Maraldi II et Cassini III (Cassini de Thury) \u00e0 une nouvelle mesure de la longueur du m\u00e9ridien de Paris, de Dunkerque \u00e0 Perpignan, qui d\u00e9bute en juillet 1739 et se prolonge jusqu\u2019en 1742.<\/span><\/h3>\n<p>Pourquoi cette nouvelle mesure ? Les travaux g\u00e9od\u00e9siques de Cassini II tendaient \u00e0 montrer que la Terre \u00e9tait allong\u00e9e vers les p\u00f4les, et non aplatie comme le pr\u00e9disait Newton. Les exp\u00e9ditions du P\u00e9rou (Bouguer, La Condamine, Godin) et de Laponie (Maupertuis, Clairaut, Camus, Le Monnier et Outhier) donnent raison aux pro-newtoniens et il devient n\u00e9cessaire de refaire les mesures en France avec des instruments meilleurs que ceux de Picard.<\/p>\n<div id=\"attachment_140\" style=\"width: 160px\" class=\"wp-caption alignleft\"><a href=\"http:\/\/expositions.obspm.fr\/lacaille\/wp-content\/uploads\/2014\/01\/expo2-photo1.jpg\"><img aria-describedby=\"caption-attachment-140\" loading=\"lazy\" class=\"size-thumbnail wp-image-140\" alt=\"Dessin autographe de La Caille montrant la triangulation de la Tour de Montlh\u00e9ry \u00e0 Clermont de l\u2019Oise. Remarquer la base mesur\u00e9e avec des r\u00e8gles, de Villejuif \u00e0 Juvisy.\" src=\"http:\/\/expositions.obspm.fr\/lacaille\/wp-content\/uploads\/2014\/01\/expo2-photo1-150x150.jpg\" width=\"150\" height=\"150\" srcset=\"http:\/\/expositions.obspm.fr\/lacaille\/wp-content\/uploads\/2014\/01\/expo2-photo1-150x150.jpg 150w, http:\/\/expositions.obspm.fr\/lacaille\/wp-content\/uploads\/2014\/01\/expo2-photo1-200x200.jpg 200w\" sizes=\"(max-width: 150px) 100vw, 150px\" \/><\/a><p id=\"caption-attachment-140\" class=\"wp-caption-text\">Dessin autographe de La Caille montrant la triangulation de la Tour de Montlh\u00e9ry \u00e0 Clermont de l\u2019Oise. Remarquer la base mesur\u00e9e avec des r\u00e8gles, de Villejuif \u00e0 Juvisy.<\/p><\/div>\n<div id=\"attachment_143\" style=\"width: 310px\" class=\"wp-caption alignright\"><a href=\"http:\/\/expositions.obspm.fr\/lacaille\/wp-content\/uploads\/2014\/01\/expo2-photo3.jpg\"><img aria-describedby=\"caption-attachment-143\" loading=\"lazy\" class=\"size-medium wp-image-143\" alt=\"Mesure d\u2019une base de triangulation avec des r\u00e8gles de bois de 2 toises (3,9 m), gravure tir\u00e9e de La m\u00e9ridienne v\u00e9rifi\u00e9e\u2026 de Cassini de Thury, (1744).\" src=\"http:\/\/expositions.obspm.fr\/lacaille\/wp-content\/uploads\/2014\/01\/expo2-photo3-300x181.jpg\" width=\"300\" height=\"181\" srcset=\"http:\/\/expositions.obspm.fr\/lacaille\/wp-content\/uploads\/2014\/01\/expo2-photo3-300x181.jpg 300w, http:\/\/expositions.obspm.fr\/lacaille\/wp-content\/uploads\/2014\/01\/expo2-photo3-675x407.jpg 675w, http:\/\/expositions.obspm.fr\/lacaille\/wp-content\/uploads\/2014\/01\/expo2-photo3-753x454.jpg 753w, http:\/\/expositions.obspm.fr\/lacaille\/wp-content\/uploads\/2014\/01\/expo2-photo3.jpg 800w\" sizes=\"(max-width: 300px) 100vw, 300px\" \/><\/a><p id=\"caption-attachment-143\" class=\"wp-caption-text\">Mesure d\u2019une base de triangulation avec des r\u00e8gles de bois de 2 toises (3,9 m), gravure tir\u00e9e de <em>La m\u00e9ridienne v\u00e9rifi\u00e9e<\/em>\u2026 de Cassini de Thury, (1744).<\/p><\/div>\n<p>&nbsp;<\/p>\n<p>&nbsp;<\/p>\n<p>&nbsp;<\/p>\n<p>&nbsp;<\/p>\n<p>&nbsp;<\/p>\n<p>&nbsp;<\/p>\n<p>&nbsp;<\/p>\n<p>En 1739, La Caille, Cassini III et Maraldi partent vers le sud. L\u2019ann\u00e9e suivante ils refont la triangulation entre Dunkerque et Amiens et la prolongent vers Paris. Les carnets de La Caille montrent qu\u2019il a r\u00e9alis\u00e9 tous les calculs ; pourtant c\u2019est Cassini III qui signera seul les r\u00e9sultats de ces observations dans l\u2019ouvrage qu\u2019il publiera en 1744. Les nouvelles mesures confirment l\u2019aplatissement de la Terre.<\/p>\n<div id=\"attachment_142\" style=\"width: 810px\" class=\"wp-caption aligncenter\"><a href=\"http:\/\/expositions.obspm.fr\/lacaille\/wp-content\/uploads\/2014\/01\/expo2-photo2.jpg\"><img aria-describedby=\"caption-attachment-142\" loading=\"lazy\" class=\"size-full wp-image-142\" alt=\"Une vis\u00e9e g\u00e9od\u00e9sique de nuit, gravure de S\u00e9bastien Leclerc tir\u00e9e de la Mesure de la Terre de Jean Picard, 1671.\" src=\"http:\/\/expositions.obspm.fr\/lacaille\/wp-content\/uploads\/2014\/01\/expo2-photo2.jpg\" width=\"800\" height=\"345\" srcset=\"http:\/\/expositions.obspm.fr\/lacaille\/wp-content\/uploads\/2014\/01\/expo2-photo2.jpg 800w, http:\/\/expositions.obspm.fr\/lacaille\/wp-content\/uploads\/2014\/01\/expo2-photo2-300x129.jpg 300w, http:\/\/expositions.obspm.fr\/lacaille\/wp-content\/uploads\/2014\/01\/expo2-photo2-675x291.jpg 675w, http:\/\/expositions.obspm.fr\/lacaille\/wp-content\/uploads\/2014\/01\/expo2-photo2-753x324.jpg 753w\" sizes=\"(max-width: 800px) 100vw, 800px\" \/><\/a><p id=\"caption-attachment-142\" class=\"wp-caption-text\">Une vis\u00e9e g\u00e9od\u00e9sique de nuit, gravure de S\u00e9bastien Leclerc tir\u00e9e de la <em>Mesure de la Terre<\/em> de Jean Picard, 1671.<\/p><\/div>\n<p>&nbsp;<\/p>\n<p>&nbsp;<\/p>\n\n","protected":false},"excerpt":{"rendered":"<p>v\u00e9rifi\u00e9e dans toute l\u2019\u00e9tendue du royaume\u2026 Nomm\u00e9 maitre de math\u00e9matiques au coll\u00e8ge Mazarin, La Caille prend part avec Maraldi II et Cassini III (Cassini &hellip;<\/p>\n","protected":false},"author":1,"featured_media":0,"parent":0,"menu_order":0,"comment_status":"open","ping_status":"open","template":"","meta":[],"_links":{"self":[{"href":"http:\/\/expositions.obspm.fr\/lacaille\/wp-json\/wp\/v2\/pages\/78"}],"collection":[{"href":"http:\/\/expositions.obspm.fr\/lacaille\/wp-json\/wp\/v2\/pages"}],"about":[{"href":"http:\/\/expositions.obspm.fr\/lacaille\/wp-json\/wp\/v2\/types\/page"}],"author":[{"embeddable":true,"href":"http:\/\/expositions.obspm.fr\/lacaille\/wp-json\/wp\/v2\/users\/1"}],"replies":[{"embeddable":true,"href":"http:\/\/expositions.obspm.fr\/lacaille\/wp-json\/wp\/v2\/comments?post=78"}],"version-history":[{"count":25,"href":"http:\/\/expositions.obspm.fr\/lacaille\/wp-json\/wp\/v2\/pages\/78\/revisions"}],"predecessor-version":[{"id":436,"href":"http:\/\/expositions.obspm.fr\/lacaille\/wp-json\/wp\/v2\/pages\/78\/revisions\/436"}],"wp:attachment":[{"href":"http:\/\/expositions.obspm.fr\/lacaille\/wp-json\/wp\/v2\/media?parent=78"}],"curies":[{"name":"wp","href":"https:\/\/api.w.org\/{rel}","templated":true}]}}