{"id":76,"date":"2014-01-31T17:02:54","date_gmt":"2014-01-31T17:02:54","guid":{"rendered":"http:\/\/expositions.obspm.fr\/lacaille\/?page_id=76"},"modified":"2014-03-04T17:58:35","modified_gmt":"2014-03-04T17:58:35","slug":"a-lobservatoire-royal","status":"publish","type":"page","link":"http:\/\/expositions.obspm.fr\/lacaille\/a-lobservatoire-royal\/","title":{"rendered":"A l\u2019Observatoire Royal"},"content":{"rendered":"<h3><span style=\"color: #059fd9;\">Au coll\u00e8ge de Navarre, La Caille \u00e9tudie la th\u00e9ologie le jour, l\u2019astronomie et les math\u00e9matiques en secret la nuit.<\/span><\/h3>\n<div id=\"attachment_282\" style=\"width: 138px\" class=\"wp-caption alignleft\"><a href=\"http:\/\/expositions.obspm.fr\/lacaille\/wp-content\/uploads\/2014\/01\/expo1-photo3.jpg\"><img aria-describedby=\"caption-attachment-282\" loading=\"lazy\" class=\" wp-image-282  \" alt=\"expo1-photo3\" src=\"http:\/\/expositions.obspm.fr\/lacaille\/wp-content\/uploads\/2014\/01\/expo1-photo3-241x300.jpg\" width=\"128\" height=\"160\" srcset=\"http:\/\/expositions.obspm.fr\/lacaille\/wp-content\/uploads\/2014\/01\/expo1-photo3-241x300.jpg 241w, http:\/\/expositions.obspm.fr\/lacaille\/wp-content\/uploads\/2014\/01\/expo1-photo3.jpg 500w\" sizes=\"(max-width: 128px) 100vw, 128px\" \/><\/a><p id=\"caption-attachment-282\" class=\"wp-caption-text\">Portrait de Cassini III<\/p><\/div>\n<p>La fin de ses \u00e9tudes marque celle de sa carri\u00e8re eccl\u00e9siastique :<br \/>\nil renonce en effet \u00e0 la pr\u00eatrise, restant diacre du dioc\u00e8se de Reims.<\/p>\n<p>Sur la recommandation de Grandjean de Fouchy, il rencontre Jacques Cassini qui, en mai 1736, le prend comme \u00e9l\u00e8ve \u00e0 l\u2019Observatoire. Il y loge avec les Cassini et les Maraldi et va y compl\u00e9ter sa formation.<\/p>\n<p><strong>La cartographie et la g\u00e9od\u00e9sie sont alors \u00e0 l\u2019honneur :<\/strong><br \/>\nLe programme cartographique \u00e9tabli par l\u2019abb\u00e9 Picard en 1681, un ch\u00e2ssis g\u00e9n\u00e9ral de cha\u00eenes de triangles \u00e0 partir de l\u2019axe Dunkerque-Perpignan, est repris en 1733. En 1737, La Caille op\u00e8re avec Jacques Cassini sur les c\u00f4tes du nord, de Saint-Val\u00e9ry \u00e0 Dunkerque. En 1738, il participe avec C\u00e9sar-Fran\u00e7ois Cassini de Thury (Cassini III), de trois ans son a\u00een\u00e9 et dont la premi\u00e8re observation date de 1736, \u00e0 une mesure de la vitesse du son. Ils proc\u00e8dent aussi \u00e0 la cartographie de la c\u00f4te atlantique de Nantes \u00e0 Bayonne, op\u00e9ration qui verra na\u00eetre son amiti\u00e9 avec Maraldi II.<\/p>\n<div id=\"attachment_130\" style=\"width: 310px\" class=\"wp-caption aligncenter\"><a href=\"http:\/\/expositions.obspm.fr\/lacaille\/wp-content\/uploads\/2014\/01\/expo1-photo2.jpg\"><img aria-describedby=\"caption-attachment-130\" loading=\"lazy\" class=\"size-medium wp-image-130\" alt=\"L\u2019Observatoire de Paris au d\u00e9but du XVIIIe si\u00e8cle. \" src=\"http:\/\/expositions.obspm.fr\/lacaille\/wp-content\/uploads\/2014\/01\/expo1-photo2-300x217.jpg\" width=\"300\" height=\"217\" srcset=\"http:\/\/expositions.obspm.fr\/lacaille\/wp-content\/uploads\/2014\/01\/expo1-photo2-300x217.jpg 300w, http:\/\/expositions.obspm.fr\/lacaille\/wp-content\/uploads\/2014\/01\/expo1-photo2-675x490.jpg 675w, http:\/\/expositions.obspm.fr\/lacaille\/wp-content\/uploads\/2014\/01\/expo1-photo2-753x546.jpg 753w, http:\/\/expositions.obspm.fr\/lacaille\/wp-content\/uploads\/2014\/01\/expo1-photo2.jpg 800w\" sizes=\"(max-width: 300px) 100vw, 300px\" \/><\/a><p id=\"caption-attachment-130\" class=\"wp-caption-text\">L\u2019Observatoire de Paris au d\u00e9but du XVIIIe si\u00e8cle.<\/p><\/div>\n\n","protected":false},"excerpt":{"rendered":"<p>Au coll\u00e8ge de Navarre, La Caille \u00e9tudie la th\u00e9ologie le jour, l\u2019astronomie et les math\u00e9matiques en secret la nuit. La fin de ses \u00e9tudes &hellip;<\/p>\n","protected":false},"author":1,"featured_media":0,"parent":0,"menu_order":0,"comment_status":"open","ping_status":"open","template":"","meta":[],"_links":{"self":[{"href":"http:\/\/expositions.obspm.fr\/lacaille\/wp-json\/wp\/v2\/pages\/76"}],"collection":[{"href":"http:\/\/expositions.obspm.fr\/lacaille\/wp-json\/wp\/v2\/pages"}],"about":[{"href":"http:\/\/expositions.obspm.fr\/lacaille\/wp-json\/wp\/v2\/types\/page"}],"author":[{"embeddable":true,"href":"http:\/\/expositions.obspm.fr\/lacaille\/wp-json\/wp\/v2\/users\/1"}],"replies":[{"embeddable":true,"href":"http:\/\/expositions.obspm.fr\/lacaille\/wp-json\/wp\/v2\/comments?post=76"}],"version-history":[{"count":34,"href":"http:\/\/expositions.obspm.fr\/lacaille\/wp-json\/wp\/v2\/pages\/76\/revisions"}],"predecessor-version":[{"id":435,"href":"http:\/\/expositions.obspm.fr\/lacaille\/wp-json\/wp\/v2\/pages\/76\/revisions\/435"}],"wp:attachment":[{"href":"http:\/\/expositions.obspm.fr\/lacaille\/wp-json\/wp\/v2\/media?parent=76"}],"curies":[{"name":"wp","href":"https:\/\/api.w.org\/{rel}","templated":true}]}}