{"id":264,"date":"2014-02-04T13:56:51","date_gmt":"2014-02-04T13:56:51","guid":{"rendered":"http:\/\/expositions.obspm.fr\/lacaille\/?page_id=264"},"modified":"2014-02-28T17:15:20","modified_gmt":"2014-02-28T17:15:20","slug":"mentions","status":"publish","type":"page","link":"http:\/\/expositions.obspm.fr\/lacaille\/mentions\/","title":{"rendered":"Mentions"},"content":{"rendered":"<p><strong>Observatoire de Paris<\/strong><br \/>\nBiblioth\u00e8que<br \/>\n61, Avenue de l&rsquo;Observatoire<br \/>\n75014 PARIS<\/p>\n<p>Fax : +33(0)1 45 51 22 90<br \/>\nT\u00e9l : +33(0)1 40 51 21 90<br \/>\nla.bibliotheque@obspm.fr<\/p>\n<p>Sauf mentions contraires \u00e0 proximit\u00e9 des images, toutes les images pr\u00e9sentes sur ce site sont la propri\u00e9t\u00e9 de l\u2019Observatoire de Paris.<br \/>\nLeur r\u00e9utilisation est autoris\u00e9e exclusivement \u00e0 des fins d&rsquo;usage priv\u00e9.<br \/>\nPour toute autre utilisation ou demande de reproduction, veuillez consulter les <a href=\"http:\/\/expositions.obspm.fr\/lacaille\/pdf\/tarifs_conditions.pdf\" target=\"_blank\"><b>conditions d\u2019utilisation des collections photographiques<\/b><\/a> et contacter directement <a href=\"mailto:la.bibliotheque@obspm.fr\" target=\"_blank\"><b>la biblioth\u00e8que<\/b><\/a><b>.<\/b><\/p>\n\n","protected":false},"excerpt":{"rendered":"<p>Observatoire de Paris Biblioth\u00e8que 61, Avenue de l&rsquo;Observatoire 75014 PARIS Fax : +33(0)1 45 51 22 90 T\u00e9l : +33(0)1 40 51 21 90 &hellip;<\/p>\n","protected":false},"author":1,"featured_media":0,"parent":0,"menu_order":0,"comment_status":"open","ping_status":"open","template":"","meta":[],"_links":{"self":[{"href":"http:\/\/expositions.obspm.fr\/lacaille\/wp-json\/wp\/v2\/pages\/264"}],"collection":[{"href":"http:\/\/expositions.obspm.fr\/lacaille\/wp-json\/wp\/v2\/pages"}],"about":[{"href":"http:\/\/expositions.obspm.fr\/lacaille\/wp-json\/wp\/v2\/types\/page"}],"author":[{"embeddable":true,"href":"http:\/\/expositions.obspm.fr\/lacaille\/wp-json\/wp\/v2\/users\/1"}],"replies":[{"embeddable":true,"href":"http:\/\/expositions.obspm.fr\/lacaille\/wp-json\/wp\/v2\/comments?post=264"}],"version-history":[{"count":7,"href":"http:\/\/expositions.obspm.fr\/lacaille\/wp-json\/wp\/v2\/pages\/264\/revisions"}],"predecessor-version":[{"id":421,"href":"http:\/\/expositions.obspm.fr\/lacaille\/wp-json\/wp\/v2\/pages\/264\/revisions\/421"}],"wp:attachment":[{"href":"http:\/\/expositions.obspm.fr\/lacaille\/wp-json\/wp\/v2\/media?parent=264"}],"curies":[{"name":"wp","href":"https:\/\/api.w.org\/{rel}","templated":true}]}}