{"id":13,"date":"2014-01-31T13:02:52","date_gmt":"2014-01-31T13:02:52","guid":{"rendered":"http:\/\/expositions.obspm.fr\/lacaille\/?page_id=13"},"modified":"2022-09-23T10:06:02","modified_gmt":"2022-09-23T10:06:02","slug":"credits","status":"publish","type":"page","link":"http:\/\/expositions.obspm.fr\/lacaille\/credits\/","title":{"rendered":"Cr\u00e9dits"},"content":{"rendered":"<p>Cette exposition virtuelle a \u00e9t\u00e9 r\u00e9alis\u00e9e par la Biblioth\u00e8que de l\u2019Observatoire de Paris, \u00e0 la suite de l&rsquo;exposition \u00ab l\u2019Abb\u00e9 La Caille d\u00e9couvreur du ciel austral \u00bb, organis\u00e9e du 14 septembre 2013 au 28 mars 2014 \u00e0 l&rsquo;occasion du tricentenaire de la naissance de l\u2019astronome et dans le cadre des Saisons Afrique du Sud 2012 et 2013.<\/p>\n<p><strong>Commissariat scientifique :<\/strong> J. Lequeux, L. Bobis<br \/>\n<strong>R\u00e9alisation et graphisme :<\/strong> <a title=\"La bo\u00eete \u00e0 Meuh !\" href=\"http:\/\/www.laboiteameuh.com\" target=\"_blank\" rel=\"noopener\">La bo\u00eete \u00e0 Meuh !<\/a><\/p>\n<p><strong>Maintenance :<\/strong> <span style=\"color: #000000;\"><a style=\"color: #000000;\" href=\"http:\/\/perso.obspm.fr\/alain.courgey\/\">A. Courgey<\/a><\/span><br \/>\n<strong>Coordination :<\/strong> L. Bobis, E.Kaftan<br \/>\n<strong>Textes :<\/strong> J. Lequeux, L. Bobis<br \/>\n<strong>Recherche iconographique :<\/strong> E. Kaftan<br \/>\n<strong>Bibliographie :<\/strong> N. Sauques<br \/>\n<strong>Cr\u00e9dits photographiques :<\/strong> A. Geoffroy sauf mentions contraires<br \/>\n<strong>Num\u00e9risation :<\/strong> A. Geoffroy<\/p>\n<p>Les documents expos\u00e9s proviennent des collections de la Biblioth\u00e8que de l&rsquo;Observatoire de Paris ainsi que de la Biblioth\u00e8que Sainte Genevi\u00e8ve et de la collection priv\u00e9e de Mme D\u00e9barbat.<br \/>\nLa biblioth\u00e8que souhaite remercier Ian Glass, Suzanne D\u00e9barbat et la Biblioth\u00e8que Sainte Genevi\u00e8ve.<\/p>\n\n","protected":false},"excerpt":{"rendered":"<p>Cette exposition virtuelle a \u00e9t\u00e9 r\u00e9alis\u00e9e par la Biblioth\u00e8que de l\u2019Observatoire de Paris, \u00e0 la suite de l&rsquo;exposition \u00ab l\u2019Abb\u00e9 La Caille d\u00e9couvreur du &hellip;<\/p>\n","protected":false},"author":1,"featured_media":0,"parent":0,"menu_order":0,"comment_status":"open","ping_status":"open","template":"","meta":[],"_links":{"self":[{"href":"http:\/\/expositions.obspm.fr\/lacaille\/wp-json\/wp\/v2\/pages\/13"}],"collection":[{"href":"http:\/\/expositions.obspm.fr\/lacaille\/wp-json\/wp\/v2\/pages"}],"about":[{"href":"http:\/\/expositions.obspm.fr\/lacaille\/wp-json\/wp\/v2\/types\/page"}],"author":[{"embeddable":true,"href":"http:\/\/expositions.obspm.fr\/lacaille\/wp-json\/wp\/v2\/users\/1"}],"replies":[{"embeddable":true,"href":"http:\/\/expositions.obspm.fr\/lacaille\/wp-json\/wp\/v2\/comments?post=13"}],"version-history":[{"count":23,"href":"http:\/\/expositions.obspm.fr\/lacaille\/wp-json\/wp\/v2\/pages\/13\/revisions"}],"predecessor-version":[{"id":595,"href":"http:\/\/expositions.obspm.fr\/lacaille\/wp-json\/wp\/v2\/pages\/13\/revisions\/595"}],"wp:attachment":[{"href":"http:\/\/expositions.obspm.fr\/lacaille\/wp-json\/wp\/v2\/media?parent=13"}],"curies":[{"name":"wp","href":"https:\/\/api.w.org\/{rel}","templated":true}]}}